{"id":78,"date":"2019-02-28T12:30:32","date_gmt":"2019-02-28T11:30:32","guid":{"rendered":"https:\/\/constab.com\/en\/?page_id=78"},"modified":"2023-03-21T17:10:18","modified_gmt":"2023-03-21T16:10:18","slug":"contact","status":"publish","type":"page","link":"https:\/\/constab.com\/en\/contact-sales\/contact\/","title":{"rendered":"Contact"},"content":{"rendered":"<div class=\"wpb-content-wrapper\"><p>[vc_row][vc_column width=&#8221;1\/1&#8243;]<h2 class=\"headline font-inherit fontsize-inherit fontweight-inherit lh-inherit align-left transform-inherit \" style=\"margin: 0 0 20px 0;\">Contact us. We are available for you!<\/h2>[vc_column_text]Please feel free to contact us \u2013 we look forward to your phone call, your mail or to personally meeting you in R\u00fcthen!<\/p>\n<p>CONSTAB Polyolefin Additives GmbH<br \/>\nIndustriestra\u00dfe M\u00f6hnetal 16<br \/>\nD-59602 R\u00fcthen<br \/>\nTel.: +49 2952 8190<br \/>\nFax: +49 2952 3140<br \/>\ninfo@constab.com[\/vc_column_text]<div class=\"spacer\" style=\"height: 40px;\"><\/div>[\/vc_column][\/vc_row][vc_row class=&#8221;ausblenden&#8221;][vc_column width=&#8221;1\/1&#8243;]<h2 class=\"headline font-inherit fontsize-inherit fontweight-inherit lh-inherit align-left transform-inherit \" style=\"margin: 0 0 20px 0;\">Contact form<\/h2>[\/vc_column][\/vc_row][vc_row class=&#8221;ausblenden&#8221;][vc_column width=&#8221;1\/1&#8243;][vc_column_text][contact-form-7 id=&#8221;81&#8243;][\/vc_column_text][\/vc_column][\/vc_row]<\/p>\n<\/div>","protected":false},"excerpt":{"rendered":"<p>[vc_row][vc_column width=&#8221;1\/1&#8243;][vc_column_text]Please feel free to contact us \u2013 we look forward to your phone call, your mail or to personally meeting you in R\u00fcthen! CONSTAB Polyolefin Additives GmbH Industriestra\u00dfe M\u00f6hnetal 16 D-59602 R\u00fcthen Tel.: +49 2952 8190 Fax: +49 2952 3140 info@constab.com[\/vc_column_text][\/vc_column][\/vc_row][vc_row class=&#8221;ausblenden&#8221;][vc_column width=&#8221;1\/1&#8243;][\/vc_column][\/vc_row][vc_row class=&#8221;ausblenden&#8221;][vc_column width=&#8221;1\/1&#8243;][vc_column_text][contact-form-7 id=&#8221;81&#8243;][\/vc_column_text][\/vc_column][\/vc_row]<\/p>\n","protected":false},"author":39,"featured_media":0,"parent":76,"menu_order":5,"comment_status":"closed","ping_status":"closed","template":"","meta":{"footnotes":""},"class_list":["post-78","page","type-page","status-publish","hentry"],"yoast_head":"<!-- This site is optimized with the Yoast SEO plugin v27.3 - https:\/\/yoast.com\/product\/yoast-seo-wordpress\/ -->\n<title>Contact - CONSTAB<\/title>\n<meta name=\"description\" content=\"lease feel free to contact us \u2013 we look forward to your phone call, your mail or to personally meeting you in R\u00fcthen!\" \/>\n<meta name=\"robots\" content=\"index, follow, max-snippet:-1, max-image-preview:large, max-video-preview:-1\" \/>\n<link rel=\"canonical\" href=\"https:\/\/constab.com\/en\/contact-sales\/contact\/\" \/>\n<meta property=\"og:locale\" content=\"en_US\" \/>\n<meta property=\"og:type\" content=\"article\" \/>\n<meta property=\"og:title\" content=\"Contact - CONSTAB\" \/>\n<meta property=\"og:description\" content=\"lease feel free to contact us \u2013 we look forward to your phone call, your mail or to personally meeting you in R\u00fcthen!\" \/>\n<meta property=\"og:url\" content=\"https:\/\/constab.com\/en\/contact-sales\/contact\/\" \/>\n<meta property=\"og:site_name\" content=\"CONSTAB\" \/>\n<meta property=\"article:modified_time\" content=\"2023-03-21T16:10:18+00:00\" \/>\n<meta name=\"twitter:card\" content=\"summary_large_image\" \/>\n<meta name=\"twitter:label1\" content=\"Est. reading time\" \/>\n\t<meta name=\"twitter:data1\" content=\"1 minute\" \/>\n<script type=\"application\/ld+json\" class=\"yoast-schema-graph\">{\"@context\":\"https:\\\/\\\/schema.org\",\"@graph\":[{\"@type\":\"WebPage\",\"@id\":\"https:\\\/\\\/constab.com\\\/en\\\/contact-sales\\\/contact\\\/\",\"url\":\"https:\\\/\\\/constab.com\\\/en\\\/contact-sales\\\/contact\\\/\",\"name\":\"Contact - CONSTAB\",\"isPartOf\":{\"@id\":\"https:\\\/\\\/constab.com\\\/en\\\/#website\"},\"datePublished\":\"2019-02-28T11:30:32+00:00\",\"dateModified\":\"2023-03-21T16:10:18+00:00\",\"description\":\"lease feel free to contact us \u2013 we look forward to your phone call, your mail or to personally meeting you in R\u00fcthen!\",\"breadcrumb\":{\"@id\":\"https:\\\/\\\/constab.com\\\/en\\\/contact-sales\\\/contact\\\/#breadcrumb\"},\"inLanguage\":\"en-US\",\"potentialAction\":[{\"@type\":\"ReadAction\",\"target\":[\"https:\\\/\\\/constab.com\\\/en\\\/contact-sales\\\/contact\\\/\"]}]},{\"@type\":\"BreadcrumbList\",\"@id\":\"https:\\\/\\\/constab.com\\\/en\\\/contact-sales\\\/contact\\\/#breadcrumb\",\"itemListElement\":[{\"@type\":\"ListItem\",\"position\":1,\"name\":\"Startseite\",\"item\":\"https:\\\/\\\/constab.com\\\/en\\\/\"},{\"@type\":\"ListItem\",\"position\":2,\"name\":\"Contact &#038; Sales\",\"item\":\"https:\\\/\\\/constab.com\\\/en\\\/contact-sales\\\/\"},{\"@type\":\"ListItem\",\"position\":3,\"name\":\"Contact\"}]},{\"@type\":\"WebSite\",\"@id\":\"https:\\\/\\\/constab.com\\\/en\\\/#website\",\"url\":\"https:\\\/\\\/constab.com\\\/en\\\/\",\"name\":\"CONSTAB\",\"description\":\"Materbatches &amp; Compounds\",\"potentialAction\":[{\"@type\":\"SearchAction\",\"target\":{\"@type\":\"EntryPoint\",\"urlTemplate\":\"https:\\\/\\\/constab.com\\\/en\\\/?s={search_term_string}\"},\"query-input\":{\"@type\":\"PropertyValueSpecification\",\"valueRequired\":true,\"valueName\":\"search_term_string\"}}],\"inLanguage\":\"en-US\"}]}<\/script>\n<!-- \/ Yoast SEO plugin. -->","yoast_head_json":{"title":"Contact - CONSTAB","description":"lease feel free to contact us \u2013 we look forward to your phone call, your mail or to personally meeting you in R\u00fcthen!","robots":{"index":"index","follow":"follow","max-snippet":"max-snippet:-1","max-image-preview":"max-image-preview:large","max-video-preview":"max-video-preview:-1"},"canonical":"https:\/\/constab.com\/en\/contact-sales\/contact\/","og_locale":"en_US","og_type":"article","og_title":"Contact - CONSTAB","og_description":"lease feel free to contact us \u2013 we look forward to your phone call, your mail or to personally meeting you in R\u00fcthen!","og_url":"https:\/\/constab.com\/en\/contact-sales\/contact\/","og_site_name":"CONSTAB","article_modified_time":"2023-03-21T16:10:18+00:00","twitter_card":"summary_large_image","twitter_misc":{"Est. reading time":"1 minute"},"schema":{"@context":"https:\/\/schema.org","@graph":[{"@type":"WebPage","@id":"https:\/\/constab.com\/en\/contact-sales\/contact\/","url":"https:\/\/constab.com\/en\/contact-sales\/contact\/","name":"Contact - CONSTAB","isPartOf":{"@id":"https:\/\/constab.com\/en\/#website"},"datePublished":"2019-02-28T11:30:32+00:00","dateModified":"2023-03-21T16:10:18+00:00","description":"lease feel free to contact us \u2013 we look forward to your phone call, your mail or to personally meeting you in R\u00fcthen!","breadcrumb":{"@id":"https:\/\/constab.com\/en\/contact-sales\/contact\/#breadcrumb"},"inLanguage":"en-US","potentialAction":[{"@type":"ReadAction","target":["https:\/\/constab.com\/en\/contact-sales\/contact\/"]}]},{"@type":"BreadcrumbList","@id":"https:\/\/constab.com\/en\/contact-sales\/contact\/#breadcrumb","itemListElement":[{"@type":"ListItem","position":1,"name":"Startseite","item":"https:\/\/constab.com\/en\/"},{"@type":"ListItem","position":2,"name":"Contact &#038; Sales","item":"https:\/\/constab.com\/en\/contact-sales\/"},{"@type":"ListItem","position":3,"name":"Contact"}]},{"@type":"WebSite","@id":"https:\/\/constab.com\/en\/#website","url":"https:\/\/constab.com\/en\/","name":"CONSTAB","description":"Materbatches &amp; Compounds","potentialAction":[{"@type":"SearchAction","target":{"@type":"EntryPoint","urlTemplate":"https:\/\/constab.com\/en\/?s={search_term_string}"},"query-input":{"@type":"PropertyValueSpecification","valueRequired":true,"valueName":"search_term_string"}}],"inLanguage":"en-US"}]}},"_links":{"self":[{"href":"https:\/\/constab.com\/en\/wp-json\/wp\/v2\/pages\/78","targetHints":{"allow":["GET"]}}],"collection":[{"href":"https:\/\/constab.com\/en\/wp-json\/wp\/v2\/pages"}],"about":[{"href":"https:\/\/constab.com\/en\/wp-json\/wp\/v2\/types\/page"}],"author":[{"embeddable":true,"href":"https:\/\/constab.com\/en\/wp-json\/wp\/v2\/users\/39"}],"replies":[{"embeddable":true,"href":"https:\/\/constab.com\/en\/wp-json\/wp\/v2\/comments?post=78"}],"version-history":[{"count":10,"href":"https:\/\/constab.com\/en\/wp-json\/wp\/v2\/pages\/78\/revisions"}],"predecessor-version":[{"id":3938,"href":"https:\/\/constab.com\/en\/wp-json\/wp\/v2\/pages\/78\/revisions\/3938"}],"up":[{"embeddable":true,"href":"https:\/\/constab.com\/en\/wp-json\/wp\/v2\/pages\/76"}],"wp:attachment":[{"href":"https:\/\/constab.com\/en\/wp-json\/wp\/v2\/media?parent=78"}],"curies":[{"name":"wp","href":"https:\/\/api.w.org\/{rel}","templated":true}]}}