{"id":7,"date":"2019-02-28T09:23:47","date_gmt":"2019-02-28T08:23:47","guid":{"rendered":"https:\/\/constab.com\/en\/?page_id=7"},"modified":"2026-03-30T16:45:40","modified_gmt":"2026-03-30T14:45:40","slug":"7-2","status":"publish","type":"page","link":"https:\/\/constab.com\/en\/","title":{"rendered":"CONSTAB"},"content":{"rendered":"<div class=\"wpb-content-wrapper\"><p>[vc_row][vc_column width=&#8221;1\/1&#8243;][rev_slider_vc alias=&#8221;startseite&#8221;]<div class=\"spacer\" style=\"height: 40px;\"><\/div>[\/vc_column][\/vc_row][vc_row][vc_column width=&#8221;1\/1&#8243;]<h1 class=\"headline font-inherit fontsize-xxl fontweight-inherit lh-inherit align-left transform-inherit \" style=\"margin: 0 0 20px 0;\">CONSTAB GER &#8211; Masterbatches &amp; Compounds for the packaging industry<br \/>\nFrom heat-resistant to recyclable &#8211; highest quality for more than 50 years.<\/h1>[\/vc_column][\/vc_row][vc_row][vc_column width=&#8221;1\/1&#8243;][vc_column_text]CONSTAB Polyolefin Additives GmbH produces high-quality masterbatches and compounds that make plastics more efficient and versatile. But what exactly are these products?<\/p>\n<p><strong>Masterbatches and compounds<\/strong> are plastic mixtures of polymers and additives such as fillers, stabilizers, dyes and flame retardants. These granules are added during plastics processing to achieve specific properties of the end product or to color it. They facilitate handling and ensure even distribution.<\/p>\n<p>Our masterbatches and compounds are used to improve plastics in numerous industries: For example, they optimize barrier properties in the packaging industry, provide flame retardancy for electronics, ensure durability in the construction industry and increase heat resistance and impact strength in the automotive industry.<\/p>\n<p>CONSTAB Polyolefin Additives GmbH offers customized solutions that meet the specific requirements of our customers.<\/p>\n<p>We have been a leading partner to the plastics processing industry for many decades and are one of the market leaders in the field of masterbatches for BOPP. There are good reasons for this. Two are particularly important: the high quality of our products and our continuous work in the field of research and development.<\/p>\n<p>You can therefore rely on our expertise in the development and production of first-class masterbatches and compounds.[\/vc_column_text][\/vc_column][\/vc_row][vc_row][vc_column width=&#8221;1\/1&#8243;]<div class=\"spacer\" style=\"height: 40px;\"><\/div>[\/vc_column][\/vc_row][vc_row class=&#8221;bild_startseite&#8221;][vc_column width=&#8221;1\/1&#8243;]<a href=\"http:\/\/\" target=\"_self\" class=\"catimage wpb_content_element color-light\" style=\"height: 450px;\">\n\t\t\t<span style=\"background-image: url(https:\/\/constab.com\/en\/wp-content\/uploads\/sites\/2\/2022\/09\/Home-page_1.png); height: 450px;\"><\/span>\n\t\t\t<div class=\"catimage-overlay clearfix\" style=\"height: 450px;\">\n\t\t\t\t<div class=\"catimage-text\">CONSTAB &#8211; Manufacturer of Masterbatch and Compound <\/div>\n\t\t\t<\/div><\/a>[\/vc_column][\/vc_row][vc_row bottom_padding=&#8221;50&#8243; class=&#8221;video_startseite&#8221;][vc_column width=&#8221;1\/1&#8243;][rev_slider_vc alias=&#8221;slider-1&#8243;][\/vc_column][\/vc_row][vc_row][vc_column width=&#8221;1\/1&#8243;]<div class=\"spacer\" style=\"height: 40px;\"><\/div>[\/vc_column][\/vc_row][vc_row][vc_column width=&#8221;1\/1&#8243;][vc_row_inner][vc_column_inner width=&#8221;1\/2&#8243;]<h2 class=\"headline font-inherit fontsize-inherit fontweight-inherit lh-inherit align-left transform-inherit \" style=\"margin: 0 0 20px 0;\"><strong>Contact<\/strong><br \/>\nWe are here for you!<\/h2>[vc_column_text]<strong>CONSTAB Polyolefin Additives GmbH<\/strong><br \/>\nIndustriestra\u00dfe M\u00f6hnetal 16 | D-59602 R\u00fcthen<br \/>\nTel.: +49 2952 8190 | Fax: +49 2952 3140<br \/>\ninfo@constab.com<\/p>\n<p>You can find your contact person here:<\/p>\n<p><a href=\"https:\/\/constab.com\/en\/contact-sales\/contact-partners\/\">To the sales team<\/a>[\/vc_column_text][\/vc_column_inner][vc_column_inner width=&#8221;1\/2&#8243;]<div class=\"single_image wpb_content_element align-left    \" data-animation=\"none\" data-delay=\"0\"><img loading=\"lazy\" decoding=\"async\" width=\"386\" height=\"338\" src=\"https:\/\/constab.com\/en\/wp-content\/uploads\/sites\/2\/2022\/09\/Icono-Bubbles.png\" class=\"attachment-full\" alt=\"\" title=\"Icono Bubbles\" srcset=\"https:\/\/constab.com\/en\/wp-content\/uploads\/sites\/2\/2022\/09\/Icono-Bubbles.png 386w, https:\/\/constab.com\/en\/wp-content\/uploads\/sites\/2\/2022\/09\/Icono-Bubbles-300x263.png 300w\" sizes=\"auto, (max-width: 386px) 100vw, 386px\" \/><\/div>[\/vc_column_inner][\/vc_row_inner][\/vc_column][\/vc_row][vc_row][vc_column][vc_column_text][\/vc_column_text][\/vc_column][\/vc_row]<\/p>\n<\/div>","protected":false},"excerpt":{"rendered":"<p>[vc_row][vc_column width=&#8221;1\/1&#8243;][rev_slider_vc alias=&#8221;startseite&#8221;][\/vc_column][\/vc_row][vc_row][vc_column width=&#8221;1\/1&#8243;][\/vc_column][\/vc_row][vc_row][vc_column width=&#8221;1\/1&#8243;][vc_column_text]CONSTAB Polyolefin Additives GmbH produces high-quality masterbatches and compounds that make plastics more efficient and versatile. But what exactly are these products? Masterbatches and compounds are plastic mixtures of polymers and additives such as fillers, stabilizers, dyes and flame retardants. These granules are added during plastics processing to achieve specific properties of the end product or to color it. They facilitate handling and ensure even distribution. Our masterbatches and compounds are used to improve plastics in numerous industries: For example, they optimize barrier properties in the packaging industry, provide flame retardancy for electronics, ensure durability in the construction industry and increase heat resistance and impact strength in the automotive industry. CONSTAB Polyolefin Additives GmbH offers customized solutions that meet the specific requirements of our customers. We have been a leading partner to the plastics processing industry for many decades and are one of the market leaders in the field of masterbatches for BOPP. There are good reasons for this. Two are particularly important: the high quality of our products and our continuous work in the field of research and development. You can therefore rely on our expertise in the development and production of first-class masterbatches and [&hellip;]<\/p>\n","protected":false},"author":39,"featured_media":0,"parent":0,"menu_order":1,"comment_status":"closed","ping_status":"closed","template":"","meta":{"footnotes":""},"class_list":["post-7","page","type-page","status-publish","hentry"],"yoast_head":"<!-- This site is optimized with the Yoast SEO plugin v27.3 - https:\/\/yoast.com\/product\/yoast-seo-wordpress\/ -->\n<title>CONSTAB - Masterbatches, Compounds und Additive<\/title>\n<meta name=\"description\" content=\"CONSTAB offers a large portfolio of additive-masterbatches and compounds for the production of high-quality end products.\" \/>\n<meta name=\"robots\" content=\"index, follow, max-snippet:-1, max-image-preview:large, max-video-preview:-1\" \/>\n<link rel=\"canonical\" href=\"https:\/\/constab.com\/en\/\" \/>\n<meta property=\"og:locale\" content=\"en_US\" \/>\n<meta property=\"og:type\" content=\"article\" \/>\n<meta property=\"og:title\" content=\"CONSTAB - Masterbatches, Compounds und Additive\" \/>\n<meta property=\"og:description\" content=\"CONSTAB offers a large portfolio of additive-masterbatches and compounds for the production of high-quality end products.\" \/>\n<meta property=\"og:url\" content=\"https:\/\/constab.com\/en\/\" \/>\n<meta property=\"og:site_name\" content=\"CONSTAB\" \/>\n<meta property=\"article:modified_time\" content=\"2026-03-30T14:45:40+00:00\" \/>\n<meta name=\"twitter:card\" content=\"summary_large_image\" \/>\n<meta name=\"twitter:label1\" content=\"Est. reading time\" \/>\n\t<meta name=\"twitter:data1\" content=\"2 minutes\" \/>\n<script type=\"application\/ld+json\" class=\"yoast-schema-graph\">{\"@context\":\"https:\\\/\\\/schema.org\",\"@graph\":[{\"@type\":\"WebPage\",\"@id\":\"https:\\\/\\\/constab.com\\\/en\\\/\",\"url\":\"https:\\\/\\\/constab.com\\\/en\\\/\",\"name\":\"CONSTAB - Masterbatches, Compounds und Additive\",\"isPartOf\":{\"@id\":\"https:\\\/\\\/constab.com\\\/en\\\/#website\"},\"datePublished\":\"2019-02-28T08:23:47+00:00\",\"dateModified\":\"2026-03-30T14:45:40+00:00\",\"description\":\"CONSTAB offers a large portfolio of additive-masterbatches and compounds for the production of high-quality end products.\",\"breadcrumb\":{\"@id\":\"https:\\\/\\\/constab.com\\\/en\\\/#breadcrumb\"},\"inLanguage\":\"en-US\",\"potentialAction\":[{\"@type\":\"ReadAction\",\"target\":[\"https:\\\/\\\/constab.com\\\/en\\\/\"]}]},{\"@type\":\"BreadcrumbList\",\"@id\":\"https:\\\/\\\/constab.com\\\/en\\\/#breadcrumb\",\"itemListElement\":[{\"@type\":\"ListItem\",\"position\":1,\"name\":\"Startseite\",\"item\":\"https:\\\/\\\/constab.com\\\/en\\\/\"},{\"@type\":\"ListItem\",\"position\":2,\"name\":\"CONSTAB\"}]},{\"@type\":\"WebSite\",\"@id\":\"https:\\\/\\\/constab.com\\\/en\\\/#website\",\"url\":\"https:\\\/\\\/constab.com\\\/en\\\/\",\"name\":\"CONSTAB\",\"description\":\"Materbatches &amp; Compounds\",\"potentialAction\":[{\"@type\":\"SearchAction\",\"target\":{\"@type\":\"EntryPoint\",\"urlTemplate\":\"https:\\\/\\\/constab.com\\\/en\\\/?s={search_term_string}\"},\"query-input\":{\"@type\":\"PropertyValueSpecification\",\"valueRequired\":true,\"valueName\":\"search_term_string\"}}],\"inLanguage\":\"en-US\"}]}<\/script>\n<!-- \/ Yoast SEO plugin. -->","yoast_head_json":{"title":"CONSTAB - Masterbatches, Compounds und Additive","description":"CONSTAB offers a large portfolio of additive-masterbatches and compounds for the production of high-quality end products.","robots":{"index":"index","follow":"follow","max-snippet":"max-snippet:-1","max-image-preview":"max-image-preview:large","max-video-preview":"max-video-preview:-1"},"canonical":"https:\/\/constab.com\/en\/","og_locale":"en_US","og_type":"article","og_title":"CONSTAB - Masterbatches, Compounds und Additive","og_description":"CONSTAB offers a large portfolio of additive-masterbatches and compounds for the production of high-quality end products.","og_url":"https:\/\/constab.com\/en\/","og_site_name":"CONSTAB","article_modified_time":"2026-03-30T14:45:40+00:00","twitter_card":"summary_large_image","twitter_misc":{"Est. reading time":"2 minutes"},"schema":{"@context":"https:\/\/schema.org","@graph":[{"@type":"WebPage","@id":"https:\/\/constab.com\/en\/","url":"https:\/\/constab.com\/en\/","name":"CONSTAB - Masterbatches, Compounds und Additive","isPartOf":{"@id":"https:\/\/constab.com\/en\/#website"},"datePublished":"2019-02-28T08:23:47+00:00","dateModified":"2026-03-30T14:45:40+00:00","description":"CONSTAB offers a large portfolio of additive-masterbatches and compounds for the production of high-quality end products.","breadcrumb":{"@id":"https:\/\/constab.com\/en\/#breadcrumb"},"inLanguage":"en-US","potentialAction":[{"@type":"ReadAction","target":["https:\/\/constab.com\/en\/"]}]},{"@type":"BreadcrumbList","@id":"https:\/\/constab.com\/en\/#breadcrumb","itemListElement":[{"@type":"ListItem","position":1,"name":"Startseite","item":"https:\/\/constab.com\/en\/"},{"@type":"ListItem","position":2,"name":"CONSTAB"}]},{"@type":"WebSite","@id":"https:\/\/constab.com\/en\/#website","url":"https:\/\/constab.com\/en\/","name":"CONSTAB","description":"Materbatches &amp; Compounds","potentialAction":[{"@type":"SearchAction","target":{"@type":"EntryPoint","urlTemplate":"https:\/\/constab.com\/en\/?s={search_term_string}"},"query-input":{"@type":"PropertyValueSpecification","valueRequired":true,"valueName":"search_term_string"}}],"inLanguage":"en-US"}]}},"_links":{"self":[{"href":"https:\/\/constab.com\/en\/wp-json\/wp\/v2\/pages\/7","targetHints":{"allow":["GET"]}}],"collection":[{"href":"https:\/\/constab.com\/en\/wp-json\/wp\/v2\/pages"}],"about":[{"href":"https:\/\/constab.com\/en\/wp-json\/wp\/v2\/types\/page"}],"author":[{"embeddable":true,"href":"https:\/\/constab.com\/en\/wp-json\/wp\/v2\/users\/39"}],"replies":[{"embeddable":true,"href":"https:\/\/constab.com\/en\/wp-json\/wp\/v2\/comments?post=7"}],"version-history":[{"count":45,"href":"https:\/\/constab.com\/en\/wp-json\/wp\/v2\/pages\/7\/revisions"}],"predecessor-version":[{"id":4521,"href":"https:\/\/constab.com\/en\/wp-json\/wp\/v2\/pages\/7\/revisions\/4521"}],"wp:attachment":[{"href":"https:\/\/constab.com\/en\/wp-json\/wp\/v2\/media?parent=7"}],"curies":[{"name":"wp","href":"https:\/\/api.w.org\/{rel}","templated":true}]}}