{"id":134,"date":"2019-02-28T15:04:16","date_gmt":"2019-02-28T14:04:16","guid":{"rendered":"https:\/\/constab.com\/en\/?page_id=134"},"modified":"2021-07-13T09:10:38","modified_gmt":"2021-07-13T07:10:38","slug":"imprint","status":"publish","type":"page","link":"https:\/\/constab.com\/en\/imprint\/","title":{"rendered":"Imprint"},"content":{"rendered":"<div class=\"wpb-content-wrapper\"><p>[vc_row][vc_column width=&#8221;1\/1&#8243;][vc_column_text]<\/p>\n<div class=\"text-content\">\n<p><strong>CONSTAB\u00a0Polyolefin Additives GmbH<br \/>\n<\/strong>D-59602 R\u00fcthen<br \/>\nIndustriestra\u00dfe M\u00f6hnetal 16<br \/>\nTel.: +49 2952 8190<br \/>\nFax: +49 2952 3140<br \/>\nE-Mail: <a href=\"mailto:info@constab.com\">info@constab.com<\/a><\/p>\n<p>&nbsp;<\/p>\n<p>Represented by the General Manager Mr. Olaf Allekotte<\/p>\n<p>&nbsp;<\/p>\n<p>Trade Register AG Arnsberg,\u00a0HRB-No: 5356,<br \/>\nTax-No.: FA Lippstadt 330 5707 1443<br \/>\nVAT\u00a0ID No: DE813586639<\/p>\n<p>&nbsp;<\/p>\n<p><strong>Disclaimer:<\/strong><\/p>\n<p>We accept no liability for the content of external links. The operator\/user alone is responsible for the content of linked pages.<\/p>\n<p><strong>Please note:<\/strong><\/p>\n<p>Although we carefully collected the information presented in this website we do not take over any liability concerning their completeness and their actuality.<\/p>\n<p>Without knowing within\u00a0CONSTAB\u00a0Polyolefin Additives GmbH there might have been build a hyperlinked connection from other homepages to the web site of\u00a0CONSTAB\u00a0Polyolefin Additives.\u00a0CONSTAB\u00a0Polyolefin Additives does not take over any responsibility for descriptions and contents or any links to\u00a0CONSTAB\u00a0in websites of third parties.<\/p>\n<p>&nbsp;<\/p>\n<p><strong>Picture credits:<\/strong><\/p>\n<p>Istockphoto.com<\/p>\n<p>Fotolia.com<\/p>\n<p>Shutterstock.com<\/p>\n<p>Pixabay.com<br \/>\nhttps:\/\/pixabay.com\/de\/photos\/coronavirus-virus-maske-corona-4914026\/ \u00a9 Tumisu<\/p>\n<p>Gettyimages.com<\/p>\n<p>CONSTAB<\/p>\n<p>Katrin Hammer \u2013 katrinhammer.de<\/p>\n<\/div>\n<p>[\/vc_column_text][\/vc_column][\/vc_row]<\/p>\n<\/div>","protected":false},"excerpt":{"rendered":"<p>[vc_row][vc_column width=&#8221;1\/1&#8243;][vc_column_text] CONSTAB\u00a0Polyolefin Additives GmbH D-59602 R\u00fcthen Industriestra\u00dfe M\u00f6hnetal 16 Tel.: +49 2952 8190 Fax: +49 2952 3140 E-Mail: info@constab.com &nbsp; Represented by the General Manager Mr. Olaf Allekotte &nbsp; Trade Register AG Arnsberg,\u00a0HRB-No: 5356, Tax-No.: FA Lippstadt 330 5707 1443 VAT\u00a0ID No: DE813586639 &nbsp; Disclaimer: We accept no liability for the content of external links. The operator\/user alone is responsible for the content of linked pages. Please note: Although we carefully collected the information presented in this website we do not take over any liability concerning their completeness and their actuality. Without knowing within\u00a0CONSTAB\u00a0Polyolefin Additives GmbH there might have been build a hyperlinked connection from other homepages to the web site of\u00a0CONSTAB\u00a0Polyolefin Additives.\u00a0CONSTAB\u00a0Polyolefin Additives does not take over any responsibility for descriptions and contents or any links to\u00a0CONSTAB\u00a0in websites of third parties. &nbsp; Picture credits: Istockphoto.com Fotolia.com Shutterstock.com Pixabay.com https:\/\/pixabay.com\/de\/photos\/coronavirus-virus-maske-corona-4914026\/ \u00a9 Tumisu Gettyimages.com CONSTAB Katrin Hammer \u2013 katrinhammer.de [\/vc_column_text][\/vc_column][\/vc_row]<\/p>\n","protected":false},"author":1,"featured_media":0,"parent":0,"menu_order":100,"comment_status":"closed","ping_status":"closed","template":"","meta":{"footnotes":""},"class_list":["post-134","page","type-page","status-publish","hentry"],"yoast_head":"<!-- This site is optimized with the Yoast SEO plugin v27.3 - https:\/\/yoast.com\/product\/yoast-seo-wordpress\/ -->\n<title>Imprint - CONSTAB<\/title>\n<meta name=\"description\" content=\"Represented by the managing director Mr. Olaf Allekotte. Registered at the AG Arnsberg under HRB number 5356.\" \/>\n<meta name=\"robots\" content=\"index, follow, max-snippet:-1, max-image-preview:large, max-video-preview:-1\" \/>\n<link rel=\"canonical\" href=\"https:\/\/constab.com\/en\/imprint\/\" \/>\n<meta property=\"og:locale\" content=\"en_US\" \/>\n<meta property=\"og:type\" content=\"article\" \/>\n<meta property=\"og:title\" content=\"Imprint - CONSTAB\" \/>\n<meta property=\"og:description\" content=\"Represented by the managing director Mr. Olaf Allekotte. Registered at the AG Arnsberg under HRB number 5356.\" \/>\n<meta property=\"og:url\" content=\"https:\/\/constab.com\/en\/imprint\/\" \/>\n<meta property=\"og:site_name\" content=\"CONSTAB\" \/>\n<meta property=\"article:modified_time\" content=\"2021-07-13T07:10:38+00:00\" \/>\n<meta name=\"twitter:card\" content=\"summary_large_image\" \/>\n<meta name=\"twitter:label1\" content=\"Est. reading time\" \/>\n\t<meta name=\"twitter:data1\" content=\"1 minute\" \/>\n<script type=\"application\/ld+json\" class=\"yoast-schema-graph\">{\"@context\":\"https:\\\/\\\/schema.org\",\"@graph\":[{\"@type\":\"WebPage\",\"@id\":\"https:\\\/\\\/constab.com\\\/en\\\/imprint\\\/\",\"url\":\"https:\\\/\\\/constab.com\\\/en\\\/imprint\\\/\",\"name\":\"Imprint - CONSTAB\",\"isPartOf\":{\"@id\":\"https:\\\/\\\/constab.com\\\/en\\\/#website\"},\"datePublished\":\"2019-02-28T14:04:16+00:00\",\"dateModified\":\"2021-07-13T07:10:38+00:00\",\"description\":\"Represented by the managing director Mr. Olaf Allekotte. Registered at the AG Arnsberg under HRB number 5356.\",\"breadcrumb\":{\"@id\":\"https:\\\/\\\/constab.com\\\/en\\\/imprint\\\/#breadcrumb\"},\"inLanguage\":\"en-US\",\"potentialAction\":[{\"@type\":\"ReadAction\",\"target\":[\"https:\\\/\\\/constab.com\\\/en\\\/imprint\\\/\"]}]},{\"@type\":\"BreadcrumbList\",\"@id\":\"https:\\\/\\\/constab.com\\\/en\\\/imprint\\\/#breadcrumb\",\"itemListElement\":[{\"@type\":\"ListItem\",\"position\":1,\"name\":\"Startseite\",\"item\":\"https:\\\/\\\/constab.com\\\/en\\\/\"},{\"@type\":\"ListItem\",\"position\":2,\"name\":\"Imprint\"}]},{\"@type\":\"WebSite\",\"@id\":\"https:\\\/\\\/constab.com\\\/en\\\/#website\",\"url\":\"https:\\\/\\\/constab.com\\\/en\\\/\",\"name\":\"CONSTAB\",\"description\":\"Materbatches &amp; Compounds\",\"potentialAction\":[{\"@type\":\"SearchAction\",\"target\":{\"@type\":\"EntryPoint\",\"urlTemplate\":\"https:\\\/\\\/constab.com\\\/en\\\/?s={search_term_string}\"},\"query-input\":{\"@type\":\"PropertyValueSpecification\",\"valueRequired\":true,\"valueName\":\"search_term_string\"}}],\"inLanguage\":\"en-US\"}]}<\/script>\n<!-- \/ Yoast SEO plugin. -->","yoast_head_json":{"title":"Imprint - CONSTAB","description":"Represented by the managing director Mr. Olaf Allekotte. Registered at the AG Arnsberg under HRB number 5356.","robots":{"index":"index","follow":"follow","max-snippet":"max-snippet:-1","max-image-preview":"max-image-preview:large","max-video-preview":"max-video-preview:-1"},"canonical":"https:\/\/constab.com\/en\/imprint\/","og_locale":"en_US","og_type":"article","og_title":"Imprint - CONSTAB","og_description":"Represented by the managing director Mr. Olaf Allekotte. Registered at the AG Arnsberg under HRB number 5356.","og_url":"https:\/\/constab.com\/en\/imprint\/","og_site_name":"CONSTAB","article_modified_time":"2021-07-13T07:10:38+00:00","twitter_card":"summary_large_image","twitter_misc":{"Est. reading time":"1 minute"},"schema":{"@context":"https:\/\/schema.org","@graph":[{"@type":"WebPage","@id":"https:\/\/constab.com\/en\/imprint\/","url":"https:\/\/constab.com\/en\/imprint\/","name":"Imprint - CONSTAB","isPartOf":{"@id":"https:\/\/constab.com\/en\/#website"},"datePublished":"2019-02-28T14:04:16+00:00","dateModified":"2021-07-13T07:10:38+00:00","description":"Represented by the managing director Mr. Olaf Allekotte. Registered at the AG Arnsberg under HRB number 5356.","breadcrumb":{"@id":"https:\/\/constab.com\/en\/imprint\/#breadcrumb"},"inLanguage":"en-US","potentialAction":[{"@type":"ReadAction","target":["https:\/\/constab.com\/en\/imprint\/"]}]},{"@type":"BreadcrumbList","@id":"https:\/\/constab.com\/en\/imprint\/#breadcrumb","itemListElement":[{"@type":"ListItem","position":1,"name":"Startseite","item":"https:\/\/constab.com\/en\/"},{"@type":"ListItem","position":2,"name":"Imprint"}]},{"@type":"WebSite","@id":"https:\/\/constab.com\/en\/#website","url":"https:\/\/constab.com\/en\/","name":"CONSTAB","description":"Materbatches &amp; Compounds","potentialAction":[{"@type":"SearchAction","target":{"@type":"EntryPoint","urlTemplate":"https:\/\/constab.com\/en\/?s={search_term_string}"},"query-input":{"@type":"PropertyValueSpecification","valueRequired":true,"valueName":"search_term_string"}}],"inLanguage":"en-US"}]}},"_links":{"self":[{"href":"https:\/\/constab.com\/en\/wp-json\/wp\/v2\/pages\/134","targetHints":{"allow":["GET"]}}],"collection":[{"href":"https:\/\/constab.com\/en\/wp-json\/wp\/v2\/pages"}],"about":[{"href":"https:\/\/constab.com\/en\/wp-json\/wp\/v2\/types\/page"}],"author":[{"embeddable":true,"href":"https:\/\/constab.com\/en\/wp-json\/wp\/v2\/users\/1"}],"replies":[{"embeddable":true,"href":"https:\/\/constab.com\/en\/wp-json\/wp\/v2\/comments?post=134"}],"version-history":[{"count":3,"href":"https:\/\/constab.com\/en\/wp-json\/wp\/v2\/pages\/134\/revisions"}],"predecessor-version":[{"id":2930,"href":"https:\/\/constab.com\/en\/wp-json\/wp\/v2\/pages\/134\/revisions\/2930"}],"wp:attachment":[{"href":"https:\/\/constab.com\/en\/wp-json\/wp\/v2\/media?parent=134"}],"curies":[{"name":"wp","href":"https:\/\/api.w.org\/{rel}","templated":true}]}}