{"id":102,"date":"2019-02-28T13:08:40","date_gmt":"2019-02-28T12:08:40","guid":{"rendered":"https:\/\/constab.com\/en\/?page_id=102"},"modified":"2026-02-05T15:56:50","modified_gmt":"2026-02-05T14:56:50","slug":"locations","status":"publish","type":"page","link":"https:\/\/constab.com\/en\/contact-sales\/locations\/","title":{"rendered":"Locations"},"content":{"rendered":"<div class=\"wpb-content-wrapper\"><p>[vc_row][vc_column width=&#8221;1\/1&#8243;]<div class=\"single_image wpb_content_element align-left    \" data-animation=\"none\" data-delay=\"0\"><img loading=\"lazy\" decoding=\"async\" width=\"1200\" height=\"700\" src=\"https:\/\/constab.com\/en\/wp-content\/uploads\/sites\/2\/2026\/02\/Worldmap_K2025_2.png\" class=\"attachment-full\" alt=\"\" title=\"Worldmap_K2025_2\" srcset=\"https:\/\/constab.com\/en\/wp-content\/uploads\/sites\/2\/2026\/02\/Worldmap_K2025_2.png 1200w, https:\/\/constab.com\/en\/wp-content\/uploads\/sites\/2\/2026\/02\/Worldmap_K2025_2-300x175.png 300w, https:\/\/constab.com\/en\/wp-content\/uploads\/sites\/2\/2026\/02\/Worldmap_K2025_2-1024x597.png 1024w, https:\/\/constab.com\/en\/wp-content\/uploads\/sites\/2\/2026\/02\/Worldmap_K2025_2-768x448.png 768w\" sizes=\"auto, (max-width: 1200px) 100vw, 1200px\" \/><\/div>[vc_column_text]<strong>We are here for you not only at our location near Dortmund.<br \/>\nOur <\/strong><strong>parent company in Israel also operates additional sites worldwide, including in China, Canada, the USA and Sweden.<\/strong>[\/vc_column_text]<div class=\"spacer\" style=\"height: 40px;\"><\/div>[\/vc_column][\/vc_row][vc_row][vc_column width=&#8221;1\/2&#8243;][vc_column_text]<\/p>\n<div class=\"postItemStandort\">\n<h4><strong>Head Office:<\/strong><\/h4>\n<p>Kafrit Industries (1993) Ltd<br \/>\nKibbutz Kfar-Aza,<br \/>\nM.P. Negev, 8514200, Israel<br \/>\nTel: +972 8 6809845<br \/>\nFax: +972 8 6809846<br \/>\nkafrit@kafrit.co.il<br \/>\n<a href=\"http:\/\/www.kafrit.com\">www.kafrit.com<\/a><\/p>\n<\/div>\n<p>[\/vc_column_text]<div class=\"spacer\" style=\"height: 0px;\"><\/div>[\/vc_column][vc_column width=&#8221;1\/2&#8243;][vc_column_text]<\/p>\n<div class=\"postItemStandort\">\n<h4><strong>Location Germany:<\/strong><\/h4>\n<p>CONSTAB Polyolefin Additives GmbH<br \/>\nIndustriestra\u00dfe M\u00f6hnetal 16<br \/>\n59602 R\u00fcthen, Germany<br \/>\nTel: +49 2952 8190<br \/>\nFax: +49 2952 3140<br \/>\ninfo@constab.com<br \/>\n<a href=\"http:\/\/www.constab.com\">www.constab.com<\/a><\/p>\n<\/div>\n<p>[\/vc_column_text]<div class=\"spacer\" style=\"height: 0px;\"><\/div>[\/vc_column][\/vc_row][vc_row][vc_column width=&#8221;1\/2&#8243;][vc_column_text]<\/p>\n<div class=\"postItemStandort\">\n<h4><strong>Location Canada:<\/strong><\/h4>\n<p>Kafrit N.A. Ltd.<br \/>\n5411-275th Street, Langley<br \/>\nBritish Columbia, Canada, V4W 3X8<br \/>\nTel: +604 607 6730<br \/>\nFax: +604 607 6736<br \/>\nmanagement@kafrit.ca<br \/>\n<a href=\"https:\/\/kafrit.ca\/\">www.kafrit.ca<\/a><\/p>\n<\/div>\n<p>[\/vc_column_text]<div class=\"spacer\" style=\"height: 40px;\"><\/div>[\/vc_column][vc_column width=&#8221;1\/2&#8243;][vc_column_text]<\/p>\n<div class=\"postItemStandort\">\n<h4><strong>Location China:<\/strong><\/h4>\n<p>SUZHOU CONSTAB<br \/>\nSuzhou Constab Engineering Plastics Co. LTD<br \/>\nYingyan Road (E), Tongli Town,<br \/>\nWujiang, Jiangsu, P.R.\u2009China.<br \/>\nTel: +86 512 63331654\/63336478<br \/>\nFax: +86 512 63336987<br \/>\nPostcode: 215217<br \/>\ninfo@constab.cn<br \/>\n<a href=\"https:\/\/www.constab.cn\/\">www.constab.cn<\/a><\/p>\n<\/div>\n<p>[\/vc_column_text][\/vc_column][\/vc_row][vc_row][vc_column width=&#8221;1\/2&#8243;][vc_column_text]<\/p>\n<h4><strong>Location USA:<\/strong><\/h4>\n<p>POLYFIL INC.<br \/>\nPolyfil Incorporated<br \/>\n74 Green Pond Road, P.O. Box 130<br \/>\nRockaway, NJ 07866, USA<br \/>\nTel: +1 973 627 4070<br \/>\nFa: +1 973 627 7344<br \/>\ninfo@polyfilcorp.com<br \/>\n<a href=\"https:\/\/polyfilinc.com\/\">www.polyfilinc.com<\/a>[\/vc_column_text][\/vc_column][vc_column width=&#8221;1\/2&#8243;][vc_column_text]<\/p>\n<div class=\"postItemStandort\">\n<h4><strong>Location Sweden<\/strong>:<\/h4>\n<p>Addvanze AB<br \/>\nMakadamgatan 19<br \/>\n254 64 Helsingborg, Sweden<br \/>\nTel: +46 42 445 33 00<br \/>\nOrganisationsnr: 556812-7558<br \/>\ninfo@addvanze.com<br \/>\n<a href=\"https:\/\/www.addvanze.com\/sv\/\">www.addvanze.com<\/a><\/p>\n<\/div>\n<p>[\/vc_column_text][\/vc_column][\/vc_row][vc_row][vc_column width=&#8221;1\/2&#8243;][vc_column_text]<\/p>\n<h4><\/h4>\n<h4><strong>Location Germany:<\/strong><\/h4>\n<p>Delta Kunststoffe AG<br \/>\nIndustriestra\u00dfe 48<br \/>\n47652 Weeze, Germany<br \/>\nTel: +49 2837 10510<br \/>\nFax: +49 2837 1051810<br \/>\ninfo@delta-kunststoffe.de<br \/>\n<a href=\"http:\/\/www.delta-kunststoffe.de\" target=\"_blank\" rel=\"noopener\">www.delta-kunststoffe.de<\/a>[\/vc_column_text][\/vc_column][vc_column width=&#8221;1\/2&#8243;][vc_column_text]<\/p>\n<h3><\/h3>\n<h4><strong>Location Canada:<\/strong><\/h4>\n<p>ABSA Resin Technologies Inc.<br \/>\n310 Montrose St.<br \/>\nCambridge, ON, Canada, N3H 2H8<br \/>\nTel.: +1 519 653 5575<br \/>\nFax: +1 519 653 1255<br \/>\n<a href=\"http:\/\/www.absaresins.com\" target=\"_blank\" rel=\"noopener\">www.absaresins.com<\/a>[\/vc_column_text][\/vc_column][\/vc_row][vc_row][vc_column width=&#8221;1\/2&#8243;][vc_column_text]<\/p>\n<h4><\/h4>\n<h4><strong>Location USA:<\/strong><\/h4>\n<p>Badger Color Concentrates Inc.<br \/>\n1007 Fox St.<br \/>\nMukwonago WI 53149, USA<br \/>\nTel.: +1 262 363 5710<br \/>\n<a href=\"https:\/\/www.badgercolor.com\/\" target=\"_blank\" rel=\"noopener\">www.badgercolor.com<\/a>[\/vc_column_text][\/vc_column][vc_column width=&#8221;1\/2&#8243;][vc_column_text]<\/p>\n<h4><strong>Location Germany:<\/strong><\/h4>\n<div class=\"elementToProof\">Finke Colors GmbH<\/div>\n<div class=\"elementToProof\">Hatzfelder Stra\u00dfe 174-176<\/div>\n<div class=\"elementToProof\">42281 Wuppertal<\/div>\n<div class=\"elementToProof\">Tel.: <a href=\"tel:+49202709060\">+49 202 70906-0<\/a><\/div>\n<div class=\"elementToProof\"><a title=\"http:\/\/www.finke-colors.eu\/\" href=\"http:\/\/www.finke-colors.eu\/\">www.finke-colors.eu<\/a><\/div>\n<p>[\/vc_column_text][\/vc_column][\/vc_row]<\/p>\n<\/div>","protected":false},"excerpt":{"rendered":"<p>[vc_row][vc_column width=&#8221;1\/1&#8243;][vc_column_text]We are here for you not only at our location near Dortmund. Our parent company in Israel also operates additional sites worldwide, including in China, Canada, the USA and Sweden.[\/vc_column_text][\/vc_column][\/vc_row][vc_row][vc_column width=&#8221;1\/2&#8243;][vc_column_text] Head Office: Kafrit Industries (1993) Ltd Kibbutz Kfar-Aza, M.P. Negev, 8514200, Israel Tel: +972 8 6809845 Fax: +972 8 6809846 kafrit@kafrit.co.il www.kafrit.com [\/vc_column_text][\/vc_column][vc_column width=&#8221;1\/2&#8243;][vc_column_text] Location Germany: CONSTAB Polyolefin Additives GmbH Industriestra\u00dfe M\u00f6hnetal 16 59602 R\u00fcthen, Germany Tel: +49 2952 8190 Fax: +49 2952 3140 info@constab.com www.constab.com [\/vc_column_text][\/vc_column][\/vc_row][vc_row][vc_column width=&#8221;1\/2&#8243;][vc_column_text] Location Canada: Kafrit N.A. Ltd. 5411-275th Street, Langley British Columbia, Canada, V4W 3X8 Tel: +604 607 6730 Fax: +604 607 6736 management@kafrit.ca www.kafrit.ca [\/vc_column_text][\/vc_column][vc_column width=&#8221;1\/2&#8243;][vc_column_text] Location China: SUZHOU CONSTAB Suzhou Constab Engineering Plastics Co. LTD Yingyan Road (E), Tongli Town, Wujiang, Jiangsu, P.R.\u2009China. Tel: +86 512 63331654\/63336478 Fax: +86 512 63336987 Postcode: 215217 info@constab.cn www.constab.cn [\/vc_column_text][\/vc_column][\/vc_row][vc_row][vc_column width=&#8221;1\/2&#8243;][vc_column_text] Location USA: POLYFIL INC. Polyfil Incorporated 74 Green Pond Road, P.O. Box 130 Rockaway, NJ 07866, USA Tel: +1 973 627 4070 Fa: +1 973 627 7344 info@polyfilcorp.com www.polyfilinc.com[\/vc_column_text][\/vc_column][vc_column width=&#8221;1\/2&#8243;][vc_column_text] Location Sweden: Addvanze AB Makadamgatan 19 254 64 Helsingborg, Sweden Tel: +46 42 445 33 00 Organisationsnr: 556812-7558 info@addvanze.com www.addvanze.com [\/vc_column_text][\/vc_column][\/vc_row][vc_row][vc_column width=&#8221;1\/2&#8243;][vc_column_text] Location Germany: Delta Kunststoffe AG Industriestra\u00dfe 48 47652 Weeze, Germany Tel: [&hellip;]<\/p>\n","protected":false},"author":39,"featured_media":0,"parent":76,"menu_order":15,"comment_status":"closed","ping_status":"closed","template":"","meta":{"footnotes":""},"class_list":["post-102","page","type-page","status-publish","hentry"],"yoast_head":"<!-- This site is optimized with the Yoast SEO plugin v27.3 - https:\/\/yoast.com\/product\/yoast-seo-wordpress\/ -->\n<title>Locations - CONSTAB<\/title>\n<meta name=\"description\" content=\"We are not only there for you at our location - which is near Dortmund. Our mother company is located in Israel.\" \/>\n<meta name=\"robots\" content=\"index, follow, max-snippet:-1, max-image-preview:large, max-video-preview:-1\" \/>\n<link rel=\"canonical\" href=\"https:\/\/constab.com\/en\/contact-sales\/locations\/\" \/>\n<meta property=\"og:locale\" content=\"en_US\" \/>\n<meta property=\"og:type\" content=\"article\" \/>\n<meta property=\"og:title\" content=\"Locations - CONSTAB\" \/>\n<meta property=\"og:description\" content=\"We are not only there for you at our location - which is near Dortmund. Our mother company is located in Israel.\" \/>\n<meta property=\"og:url\" content=\"https:\/\/constab.com\/en\/contact-sales\/locations\/\" \/>\n<meta property=\"og:site_name\" content=\"CONSTAB\" \/>\n<meta property=\"article:modified_time\" content=\"2026-02-05T14:56:50+00:00\" \/>\n<meta name=\"twitter:card\" content=\"summary_large_image\" \/>\n<meta name=\"twitter:label1\" content=\"Est. reading time\" \/>\n\t<meta name=\"twitter:data1\" content=\"2 minutes\" \/>\n<script type=\"application\/ld+json\" class=\"yoast-schema-graph\">{\"@context\":\"https:\\\/\\\/schema.org\",\"@graph\":[{\"@type\":\"WebPage\",\"@id\":\"https:\\\/\\\/constab.com\\\/en\\\/contact-sales\\\/locations\\\/\",\"url\":\"https:\\\/\\\/constab.com\\\/en\\\/contact-sales\\\/locations\\\/\",\"name\":\"Locations - CONSTAB\",\"isPartOf\":{\"@id\":\"https:\\\/\\\/constab.com\\\/en\\\/#website\"},\"datePublished\":\"2019-02-28T12:08:40+00:00\",\"dateModified\":\"2026-02-05T14:56:50+00:00\",\"description\":\"We are not only there for you at our location - which is near Dortmund. Our mother company is located in Israel.\",\"breadcrumb\":{\"@id\":\"https:\\\/\\\/constab.com\\\/en\\\/contact-sales\\\/locations\\\/#breadcrumb\"},\"inLanguage\":\"en-US\",\"potentialAction\":[{\"@type\":\"ReadAction\",\"target\":[\"https:\\\/\\\/constab.com\\\/en\\\/contact-sales\\\/locations\\\/\"]}]},{\"@type\":\"BreadcrumbList\",\"@id\":\"https:\\\/\\\/constab.com\\\/en\\\/contact-sales\\\/locations\\\/#breadcrumb\",\"itemListElement\":[{\"@type\":\"ListItem\",\"position\":1,\"name\":\"Startseite\",\"item\":\"https:\\\/\\\/constab.com\\\/en\\\/\"},{\"@type\":\"ListItem\",\"position\":2,\"name\":\"Contact &#038; Sales\",\"item\":\"https:\\\/\\\/constab.com\\\/en\\\/contact-sales\\\/\"},{\"@type\":\"ListItem\",\"position\":3,\"name\":\"Locations\"}]},{\"@type\":\"WebSite\",\"@id\":\"https:\\\/\\\/constab.com\\\/en\\\/#website\",\"url\":\"https:\\\/\\\/constab.com\\\/en\\\/\",\"name\":\"CONSTAB\",\"description\":\"Materbatches &amp; Compounds\",\"potentialAction\":[{\"@type\":\"SearchAction\",\"target\":{\"@type\":\"EntryPoint\",\"urlTemplate\":\"https:\\\/\\\/constab.com\\\/en\\\/?s={search_term_string}\"},\"query-input\":{\"@type\":\"PropertyValueSpecification\",\"valueRequired\":true,\"valueName\":\"search_term_string\"}}],\"inLanguage\":\"en-US\"}]}<\/script>\n<!-- \/ Yoast SEO plugin. -->","yoast_head_json":{"title":"Locations - CONSTAB","description":"We are not only there for you at our location - which is near Dortmund. Our mother company is located in Israel.","robots":{"index":"index","follow":"follow","max-snippet":"max-snippet:-1","max-image-preview":"max-image-preview:large","max-video-preview":"max-video-preview:-1"},"canonical":"https:\/\/constab.com\/en\/contact-sales\/locations\/","og_locale":"en_US","og_type":"article","og_title":"Locations - CONSTAB","og_description":"We are not only there for you at our location - which is near Dortmund. Our mother company is located in Israel.","og_url":"https:\/\/constab.com\/en\/contact-sales\/locations\/","og_site_name":"CONSTAB","article_modified_time":"2026-02-05T14:56:50+00:00","twitter_card":"summary_large_image","twitter_misc":{"Est. reading time":"2 minutes"},"schema":{"@context":"https:\/\/schema.org","@graph":[{"@type":"WebPage","@id":"https:\/\/constab.com\/en\/contact-sales\/locations\/","url":"https:\/\/constab.com\/en\/contact-sales\/locations\/","name":"Locations - CONSTAB","isPartOf":{"@id":"https:\/\/constab.com\/en\/#website"},"datePublished":"2019-02-28T12:08:40+00:00","dateModified":"2026-02-05T14:56:50+00:00","description":"We are not only there for you at our location - which is near Dortmund. Our mother company is located in Israel.","breadcrumb":{"@id":"https:\/\/constab.com\/en\/contact-sales\/locations\/#breadcrumb"},"inLanguage":"en-US","potentialAction":[{"@type":"ReadAction","target":["https:\/\/constab.com\/en\/contact-sales\/locations\/"]}]},{"@type":"BreadcrumbList","@id":"https:\/\/constab.com\/en\/contact-sales\/locations\/#breadcrumb","itemListElement":[{"@type":"ListItem","position":1,"name":"Startseite","item":"https:\/\/constab.com\/en\/"},{"@type":"ListItem","position":2,"name":"Contact &#038; Sales","item":"https:\/\/constab.com\/en\/contact-sales\/"},{"@type":"ListItem","position":3,"name":"Locations"}]},{"@type":"WebSite","@id":"https:\/\/constab.com\/en\/#website","url":"https:\/\/constab.com\/en\/","name":"CONSTAB","description":"Materbatches &amp; Compounds","potentialAction":[{"@type":"SearchAction","target":{"@type":"EntryPoint","urlTemplate":"https:\/\/constab.com\/en\/?s={search_term_string}"},"query-input":{"@type":"PropertyValueSpecification","valueRequired":true,"valueName":"search_term_string"}}],"inLanguage":"en-US"}]}},"_links":{"self":[{"href":"https:\/\/constab.com\/en\/wp-json\/wp\/v2\/pages\/102","targetHints":{"allow":["GET"]}}],"collection":[{"href":"https:\/\/constab.com\/en\/wp-json\/wp\/v2\/pages"}],"about":[{"href":"https:\/\/constab.com\/en\/wp-json\/wp\/v2\/types\/page"}],"author":[{"embeddable":true,"href":"https:\/\/constab.com\/en\/wp-json\/wp\/v2\/users\/39"}],"replies":[{"embeddable":true,"href":"https:\/\/constab.com\/en\/wp-json\/wp\/v2\/comments?post=102"}],"version-history":[{"count":36,"href":"https:\/\/constab.com\/en\/wp-json\/wp\/v2\/pages\/102\/revisions"}],"predecessor-version":[{"id":4495,"href":"https:\/\/constab.com\/en\/wp-json\/wp\/v2\/pages\/102\/revisions\/4495"}],"up":[{"embeddable":true,"href":"https:\/\/constab.com\/en\/wp-json\/wp\/v2\/pages\/76"}],"wp:attachment":[{"href":"https:\/\/constab.com\/en\/wp-json\/wp\/v2\/media?parent=102"}],"curies":[{"name":"wp","href":"https:\/\/api.w.org\/{rel}","templated":true}]}}